{"id":344,"date":"2017-05-23T13:14:36","date_gmt":"2017-05-23T11:14:36","guid":{"rendered":"http:\/\/hotelatlantic.agence-io-web.com\/?page_id=344"},"modified":"2024-08-26T11:21:20","modified_gmt":"2024-08-26T09:21:20","slug":"mentions-legales","status":"publish","type":"page","link":"https:\/\/www.hotel-atlantic.fr\/?page_id=344","title":{"rendered":"Mentions l\u00e9gales"},"content":{"rendered":"\t\t<div data-elementor-type=\"wp-page\" data-elementor-id=\"344\" class=\"elementor elementor-344\" data-elementor-post-type=\"page\">\n\t\t\t\t<div class=\"elementor-element elementor-element-49b4174a e-flex e-con-boxed e-con e-parent\" data-id=\"49b4174a\" data-element_type=\"container\">\n\t\t\t\t\t<div class=\"e-con-inner\">\n\t\t\t\t<div class=\"elementor-element elementor-element-7bee533f elementor-widget elementor-widget-text-editor\" data-id=\"7bee533f\" data-element_type=\"widget\" data-widget_type=\"text-editor.default\">\n\t\t\t\t<div class=\"elementor-widget-container\">\n\t\t\t<style>\/*! elementor - v3.23.0 - 05-08-2024 *\/\n.elementor-widget-text-editor.elementor-drop-cap-view-stacked .elementor-drop-cap{background-color:#69727d;color:#fff}.elementor-widget-text-editor.elementor-drop-cap-view-framed .elementor-drop-cap{color:#69727d;border:3px solid;background-color:transparent}.elementor-widget-text-editor:not(.elementor-drop-cap-view-default) .elementor-drop-cap{margin-top:8px}.elementor-widget-text-editor:not(.elementor-drop-cap-view-default) .elementor-drop-cap-letter{width:1em;height:1em}.elementor-widget-text-editor .elementor-drop-cap{float:left;text-align:center;line-height:1;font-size:50px}.elementor-widget-text-editor .elementor-drop-cap-letter{display:inline-block}<\/style>\t\t\t\t<h2>Charte d\u2019utilisation du site h\u00f4tel atlantic :<\/h2><div class=\"wpb_text_column wpb_content_element \"><div class=\"wpb_wrapper\"><p>L&rsquo;h\u00f4tel atlantic vous remercie de votre visite.<\/p><div class=\"field field-name-body field-type-text-with-summary field-label-hidden\"><div class=\"field-items\"><div class=\"field-item even\"><p>En parcourant les pages de son site, l\u2019internaute reconna\u00eet avoir lu et accept\u00e9 les limites de responsabilit\u00e9s et les conditions d\u2019utilisation du site. L\u2019internaute accepte les limitations offertes par le r\u00e9seau Internet dans la consultation des pages du site. L&rsquo;h\u00f4tel atlantic ne peut \u00eatre tenu responsable des difficult\u00e9s de connexion au r\u00e9seau Internet ou de visualisation des pages du site. L\u2019internaute reconna\u00eet, en particulier, \u00eatre inform\u00e9 des diff\u00e9rences d\u2019interpr\u00e9tation des pages Internet par les diff\u00e9rents logiciels de navigation pr\u00e9sents sur le march\u00e9.<\/p><\/div><\/div><\/div><\/div><\/div><div class=\"vc_empty_space\">\u00a0<\/div><div class=\"wpb_text_column wpb_content_element \"><div class=\"wpb_wrapper\"><div class=\"field field-name-body field-type-text-with-summary field-label-hidden\"><div class=\"field-items\"><div class=\"field-item even\"><h3><strong>Propri\u00e9taire du site<\/strong><strong><br \/><\/strong><\/h3><p>H\u00f4tel Atlantic<br \/>23\u00a0rue Verdi\u00e8re \u2013 17000\u00a0LA ROCHELLE<br \/>T\u00e9l. 05 46 41 16 68<br \/>Site :\u00a0hotel-atlantic.fr &#8211; hotel-atlantic.net<br \/>Pour toute question, vous pouvez nous contacter par courrier postal \u00e0 l\u2019adresse ci-dessus.<\/p><h3><strong><br \/>Conception &amp; r\u00e9alisation :<\/strong><\/h3><p>Agence IO WEB<br \/>198 chemin du Traouss\u00e9 65300 Lannemezan \u2013 FRANCE<br \/>Mail : contact@agence-io-web.fr<br \/>Site : <a href=\"http:\/\/www.agence-io-web.fr\/\">www.agence-io-web.fr<\/a><\/p><h3>Contenu et informations<\/h3><p>Le site de hotel-atlantic.fr\u00a0met \u00e0 disposition un contenu fourni \u00e0 titre informatif. Ces informations sont fournies en l\u2019\u00e9tat, quelle que soit leur origine. La responsabilit\u00e9 de hotel-atlantic.fr ne saurait \u00eatre engag\u00e9e en raison de l\u2019inexactitude, des erreurs ou de l\u2019omission des informations diffus\u00e9es sur son site.<\/p><h3>Droits d\u2019auteur<\/h3><p>La reproduction, l\u2019utilisation, l\u2019exploitation des photographies, des images, des cartes, des textes, des extractions de base de donn\u00e9es, des \u00e9l\u00e9ments de conception graphique et en r\u00e8gle g\u00e9n\u00e9rale de tous les \u00e9l\u00e9ments de publication du site sont interdites sans accord pr\u00e9alable de leurs auteurs. Le non-respect de cette interdiction constitue une contrefa\u00e7on pouvant engager la responsabilit\u00e9 civile et p\u00e9nale du contrefacteur.<\/p><h3>Liens hypertexte<\/h3><p>La pr\u00e9sence de liens hypertexte renvoyant vers d\u2019autres sites ne constitue pas une garantie sur la qualit\u00e9 de contenu et de bon fonctionnement des dits sites. La responsabilit\u00e9 de hotel-atlantic.fr ne saurait \u00eatre engag\u00e9e quant au contenu de ces sites. L\u2019internaute doit utiliser ces informations avec les pr\u00e9cautions d\u2019usage. La cr\u00e9ation de liens hypertexte vers le site de hotel-atlantic.fr est soumise \u00e0 son accord pr\u00e9alable. Pour lui faire parvenir une demande, il suffit de remplir notre formulaire de contact (Nous contacter) et nous vous r\u00e9pondrons. Dans le cas de la cr\u00e9ation d\u2019un lien hypertexte vers le site de hotel-atlantic.fr qui n\u2019aurait pas fait l\u2019objet d\u2019un accord pr\u00e9alable, hotel-atlantic.fr, s\u2019il n\u2019en approuve pas le contenu, se r\u00e9serve le droit d\u2019exiger \u00e0 tout moment le retrait dudit lien hypertexte pointant sur son site.<\/p><h3>Cr\u00e9dits photos<\/h3><p>Rappel\u00a0: la reproduction, l\u2019utilisation, l\u2019exploitation des photographies publi\u00e9es sur le site Internet de hotel-atlantic.fr sont interdites sans accord pr\u00e9alable de leur auteur.<\/p><h3>Confidentialit\u00e9 de vos donn\u00e9es<\/h3><p>Le site hotel-atlantic.fr respecte votre vie priv\u00e9e, vous disposez d\u2019un droit d\u2019acc\u00e8s, de rectification et de suppression des donn\u00e9es qui vous concernent (art. 34 de la loi relative \u00e0 l\u2019informatique, aux fichiers et aux libert\u00e9s). Vous pouvez exercer ce droit en \u00e9crivant au service support par courrier postal \u00e0 l\u2019adresse suivante\u00a0: H\u00f4tel altantic\u00a023 rue Verdi\u00e8re \u2013 17000\u00a0LA ROCHELLE Les informations que vous saisissez sont utilis\u00e9es pour vous offrir nos diff\u00e9rents services. Toutes les pr\u00e9cautions ont \u00e9t\u00e9 prises pour archiver vos informations dans un environnement s\u00e9curis\u00e9. Les informations vous concernant saisies par vos soins ne seront jamais transmises \u00e0 un tiers, ni vendues ou \u00e9chang\u00e9es. De par le fonctionnement m\u00eame d\u2019un site web, certaines informations non personnelles peuvent \u00eatre recueillies comme la version de votre navigateur (Netscape, Internet Explorer, etc.), de votre syst\u00e8me d\u2019exploitation utilis\u00e9 (Windows, Mac, Linux \u2026) et votre adresse IP.<\/p><h3>Responsabilit\u00e9<\/h3><p>Les informations fournies par un membre doivent \u00eatre exactes et conformes \u00e0 la r\u00e9alit\u00e9. Les cons\u00e9quences de leur divulgation sont de votre responsabilit\u00e9 exclusive. Vous renoncez \u00e0 tout recours \u00e0 l\u2019encontre dehotel-atlantic.fr, notamment sur le fondement de l\u2019atteinte \u00e9ventuelle \u00e0 votre droit \u00e0 l\u2019image, \u00e0 votre honneur, \u00e0 l\u2019intimit\u00e9 de votre vie priv\u00e9e, r\u00e9sultant de la diffusion ou de la divulgation d\u2019informations vous concernant. hotel-atlantic.fr ne peut \u00eatre tenu responsable de l\u2019exactitude ou de l\u2019inexactitude des informations et contenus fournis par les autres membres, les visiteurs du site et\/ou vous-m\u00eame.<\/p><h3>Fonctionnement de hotel-atlantic.fr<\/h3><p>Vous devez disposer des comp\u00e9tences, des mat\u00e9riels et des logiciels requis pour l\u2019utilisation d\u2019Internet et reconnaissez que les caract\u00e9ristiques et les contraintes d\u2019Internet ne permettent pas de garantir la s\u00e9curit\u00e9, la disponibilit\u00e9 et l\u2019int\u00e9grit\u00e9 des transmissions de donn\u00e9es sur Internet. hotel-atlantic.fr ne garantit pas que les services fonctionneront sans interruption ni erreur de fonctionnement. En particulier, leur exploitation pourra \u00eatre momentan\u00e9ment interrompue pour cause de maintenance, de mises \u00e0 jours ou d\u2019am\u00e9liorations techniques, ou pour en faire \u00e9voluer le contenu et\/ou leur pr\u00e9sentation. Dans la mesure du possible, hotel-atlantic.fr informera ses membres pr\u00e9alablement \u00e0 une op\u00e9ration de maintenance ou de mise \u00e0 jour. Vous renoncez \u00e0 rechercher la responsabilit\u00e9 de hotel-atlantic.fr au titre du fonctionnement et de l\u2019exploitation des services. De m\u00eame, hotel-atlantic.fr ne saurait \u00e9galement \u00eatre tenu responsable d\u2019un non-fonctionnement, d\u2019une impossibilit\u00e9 d\u2019acc\u00e8s, ou de mauvaises conditions d\u2019utilisation du site hotel-atlantic.fr imputables \u00e0 un \u00e9quipement non adapt\u00e9, \u00e0 des dysfonctionnements internes au fournisseur d\u2019acc\u00e8s du membre, \u00e0 l\u2019encombrement du r\u00e9seau Internet, et pour toutes autres raisons ext\u00e9rieures \u00e0 hotel-atlantic.fr. hotel-atlantic.fr ne sera en aucun cas responsable des dommages indirects subis et notamment des pertes de donn\u00e9es (y compris les copies) ou d\u2019enregistrements que vous auriez pu effectuer.<\/p><h3><strong><br \/>L\u00e9gislation fran\u00e7aise relative au droit d\u2019acc\u00e8s au fichier informatis\u00e9<\/strong><\/h3><p>Conform\u00e9ment \u00e0 la loi \u00ab Informatique et Libert\u00e9 \u00bb N\u2022 78-17 du 6 janvier 1978 , vous b\u00e9n\u00e9ficiez d\u2019un droit d\u2019acc\u00e8s et de rectification aux donn\u00e9es vous concernant. Tout utilisateur ayant d\u00e9pos\u00e9 sur ce site des informations directement ou indirectement nominatives, peut demander la communication des informations nominatives le concernant en s\u2019adressant \u00e0 :H\u00f4tel atlantic, 23 rue Verdi\u00e8re, 17000 LA ROCHELLE\u00a0et les faire rectifier le cas \u00e9ch\u00e9ant..<\/p><\/div><\/div><\/div><\/div><\/div><p>\u00a0<\/p>\t\t\t\t\t\t<\/div>\n\t\t\t\t<\/div>\n\t\t\t\t\t<\/div>\n\t\t\t\t<\/div>\n\t\t\t\t<\/div>\n\t\t","protected":false},"excerpt":{"rendered":"<p>Charte d\u2019utilisation du site h\u00f4tel atlantic : L&rsquo;h\u00f4tel atlantic vous remercie de votre visite. En parcourant les pages de son site, l\u2019internaute reconna\u00eet avoir lu et accept\u00e9 les limites de responsabilit\u00e9s et les conditions d\u2019utilisation du site. L\u2019internaute accepte les limitations offertes par le r\u00e9seau Internet dans la consultation des pages du site. L&rsquo;h\u00f4tel atlantic &hellip;<\/p>\n","protected":false},"author":1,"featured_media":0,"parent":0,"menu_order":0,"comment_status":"closed","ping_status":"closed","template":"elementor_header_footer","meta":{"footnotes":""},"class_list":["post-344","page","type-page","status-publish","hentry"],"_links":{"self":[{"href":"https:\/\/www.hotel-atlantic.fr\/index.php?rest_route=\/wp\/v2\/pages\/344","targetHints":{"allow":["GET"]}}],"collection":[{"href":"https:\/\/www.hotel-atlantic.fr\/index.php?rest_route=\/wp\/v2\/pages"}],"about":[{"href":"https:\/\/www.hotel-atlantic.fr\/index.php?rest_route=\/wp\/v2\/types\/page"}],"author":[{"embeddable":true,"href":"https:\/\/www.hotel-atlantic.fr\/index.php?rest_route=\/wp\/v2\/users\/1"}],"replies":[{"embeddable":true,"href":"https:\/\/www.hotel-atlantic.fr\/index.php?rest_route=%2Fwp%2Fv2%2Fcomments&post=344"}],"version-history":[{"count":14,"href":"https:\/\/www.hotel-atlantic.fr\/index.php?rest_route=\/wp\/v2\/pages\/344\/revisions"}],"predecessor-version":[{"id":1050,"href":"https:\/\/www.hotel-atlantic.fr\/index.php?rest_route=\/wp\/v2\/pages\/344\/revisions\/1050"}],"wp:attachment":[{"href":"https:\/\/www.hotel-atlantic.fr\/index.php?rest_route=%2Fwp%2Fv2%2Fmedia&parent=344"}],"curies":[{"name":"wp","href":"https:\/\/api.w.org\/{rel}","templated":true}]}}