{"id":355,"date":"2017-11-24T14:52:01","date_gmt":"2017-11-24T13:52:01","guid":{"rendered":"http:\/\/hotelatlantic.agence-io-web.com\/?page_id=355"},"modified":"2024-09-24T11:49:56","modified_gmt":"2024-09-24T09:49:56","slug":"conditions-generales-de-vente","status":"publish","type":"page","link":"https:\/\/www.hotel-atlantic.fr\/?page_id=355","title":{"rendered":"Conditions g\u00e9n\u00e9rales de vente"},"content":{"rendered":"\t\t<div data-elementor-type=\"wp-page\" data-elementor-id=\"355\" class=\"elementor elementor-355\" data-elementor-post-type=\"page\">\n\t\t\t\t<div class=\"elementor-element elementor-element-322a01b4 e-flex e-con-boxed e-con e-parent\" data-id=\"322a01b4\" data-element_type=\"container\">\n\t\t\t\t\t<div class=\"e-con-inner\">\n\t\t\t\t<div class=\"elementor-element elementor-element-37dfd8b0 elementor-widget elementor-widget-text-editor\" data-id=\"37dfd8b0\" data-element_type=\"widget\" data-widget_type=\"text-editor.default\">\n\t\t\t\t<div class=\"elementor-widget-container\">\n\t\t\t<style>\/*! elementor - v3.23.0 - 05-08-2024 *\/\n.elementor-widget-text-editor.elementor-drop-cap-view-stacked .elementor-drop-cap{background-color:#69727d;color:#fff}.elementor-widget-text-editor.elementor-drop-cap-view-framed .elementor-drop-cap{color:#69727d;border:3px solid;background-color:transparent}.elementor-widget-text-editor:not(.elementor-drop-cap-view-default) .elementor-drop-cap{margin-top:8px}.elementor-widget-text-editor:not(.elementor-drop-cap-view-default) .elementor-drop-cap-letter{width:1em;height:1em}.elementor-widget-text-editor .elementor-drop-cap{float:left;text-align:center;line-height:1;font-size:50px}.elementor-widget-text-editor .elementor-drop-cap-letter{display:inline-block}<\/style>\t\t\t\t<h2>Conditions g\u00e9n\u00e9rales de vente<\/h2><p><strong>\u00a0<\/strong><strong>Conditions de vente H\u00f4tel Atlantic***<\/strong><\/p><p>Les conditions g\u00e9n\u00e9rales de vente et les conditions particuli\u00e8res forment un ensemble qui fait partie int\u00e9grante du contrat de vente et dont l\u2019acceptation globale est obligatoire avant la conclusion de toute vente. La demande de r\u00e9servation entra\u00eene l\u2019adh\u00e9sion aux pr\u00e9sentes conditions de vente et l\u2019acceptation compl\u00e8te et sans r\u00e9serve de leurs dispositions.<\/p><p><strong>1 -Conditions g\u00e9n\u00e9rales de vente (CGV)\u00a0<\/strong><\/p><p><strong>1-1 \u2013 Application<\/strong><\/p><p>Les pr\u00e9sentes CGV s\u2019appliquent aux op\u00e9rations de ventes conclues par l&rsquo;h\u00f4tel Atlantic.<\/p><p><strong>1-2 \u2013 Capacit\u00e9<\/strong><\/p><p>Tout client de l&rsquo;h\u00f4tel Atlantic reconna\u00eet avoir la capacit\u00e9 de contracter, c\u2019est-\u00e0-dire avoir la majorit\u00e9 l\u00e9gale et ne pas \u00eatre sous curatelle ou sous tutelle.<\/p><p><strong>1-3 \u2013 Prix<\/strong><\/p><p>Les prix sont indiqu\u00e9s en Euros. La TVA est toujours comprise. Les prix indiqu\u00e9s ne comprennent que les prestations strictement mentionn\u00e9es dans la r\u00e9servation. Au prix mentionn\u00e9 dans la r\u00e9servation seront ajout\u00e9es, lors de la facturation, les prestations compl\u00e9mentaires fournies par l\u2019h\u00f4telier lors du s\u00e9jour et la taxe de s\u00e9jour.<\/p><p>Les prix applicables sont ceux en vigueur au jour de la r\u00e9servation. L&rsquo;h\u00f4telier est libre de faire varier ses prix \u00e0 tout moment. Aussi, le prix affich\u00e9 lors d\u2019une visite sur le site de l&rsquo;h\u00f4tel Atlantic n\u2019est valable que pour les commandes prises pendant la dur\u00e9e de son affichage. Seul le prix indiqu\u00e9 dans la confirmation\u00a0de r\u00e9servation est contractuel.<\/p><p><strong>1-4 \u2013 Modalit\u00e9s de paiement<\/strong><\/p><p>Les modalit\u00e9s de paiement sont d\u00e9pendantes du type de r\u00e9servation effectu\u00e9\u00a0;<\/p><p>S\u2019il s\u2019agit d\u2019une r\u00e9servation RACK (Annulable, modifiable sous conditions), le r\u00e8glement de l\u2019ensemble des prestations se fait, lors du s\u00e9jour, directement aupr\u00e8s de l\u2019h\u00f4tel.<\/p><p>S\u2019il s\u2019agit d\u2019une r\u00e9servation NANR (Non annulable, non remboursable, non modifiable) le montant de la chambre sera pr\u00e9lev\u00e9 directement lors de la r\u00e9servation par l\u2019h\u00f4telier.<\/p><p>Un acompte ou des arrhes pourront \u00eatre demand\u00e9s lors de la r\u00e9servation.<\/p><p><strong>1-5 \u2013 R\u00e9clamations<\/strong><\/p><p>Toute r\u00e9clamation doit \u00eatre formul\u00e9e aupr\u00e8s de l\u2019h\u00f4telier et ce, dans un d\u00e9lai de 30 jours \u00e0 compter de la date de s\u00e9jour.<\/p><p><strong>1-6 \u2013 Responsabilit\u00e9<\/strong><\/p><p>La responsabilit\u00e9 de l&rsquo;h\u00f4tel est illimit\u00e9e en cas de vol de biens ou d&rsquo;objets lorsqu&rsquo;ils ont \u00e9t\u00e9s confi\u00e9s \u00e0 sa garde uniquement.<\/p><p><strong>1-7 \u2013 Informatique et Libert\u00e9s<\/strong><\/p><p>En application de la loi L.78-17 du 6 janvier 1978, le client est inform\u00e9 que les informations \u00e0 caract\u00e8re nominatif communiqu\u00e9es \u00e0 l&rsquo;h\u00f4tel Atlantic font l\u2019objet d\u2019un traitement informatis\u00e9, sauf opposition expresse de sa part.<\/p><p>Ce traitement informatis\u00e9 a fait l\u2019objet d\u2019une d\u00e9claration \u00e0 la CNIL.<\/p><p>Le client dispose \u00e0 tout moment d\u2019un droit d\u2019acc\u00e8s, de rectification ou de suppression aupr\u00e8s de l&rsquo;h\u00f4tel Atlantic<\/p><p>Les informations qui vous sont demand\u00e9es lors de la r\u00e9servation sont indispensables pour le bon traitement de votre demande. Ces informations ont pour seuls destinataires l&rsquo;h\u00f4telier concern\u00e9 par la demande de r\u00e9servation.<\/p><p><strong>1-8 \u2013 Droit applicable<\/strong><\/p><p>Tout diff\u00e9rend, toute r\u00e9clamation ou tout litige relatif aux modalit\u00e9s de r\u00e9servation d&rsquo;un s\u00e9jour ou d&rsquo;une chambre d&rsquo;h\u00f4tel sont soumis au droit fran\u00e7ais.<\/p><p><strong>2 -Conditions particuli\u00e8res<\/strong><\/p><p>Les conditions particuli\u00e8res suivantes sont appliqu\u00e9es \u00e0 toute r\u00e9servation par le site de l&rsquo;h\u00f4tel Atlantic.<\/p><p><strong>2-1 \u2013 Conditions de r\u00e9servation<\/strong><\/p><p>Afin de garantir sa r\u00e9servation, il est demand\u00e9 au client de communiquer son num\u00e9ro de carte bancaire, la transmission se faisant par mode s\u00e9curis\u00e9.<\/p><p>S\u2019il s\u2019agit d\u2019une r\u00e9servation RACK (Annulable, modifiable sous conditions), l\u2019int\u00e9gralit\u00e9 du paiement du s\u00e9jour s\u2019effectue directement aupr\u00e8s de l\u2019h\u00f4telier.<\/p><p>S\u2019il s\u2019agit d\u2019une r\u00e9servation NANR (Non annulable, non remboursable, non modifiable), le montant de la chambre est directement pr\u00e9lev\u00e9 lors de la r\u00e9servation par l\u2019h\u00f4telier.<\/p><p>La r\u00e9servation n\u2019est ferme et d\u00e9finitive qu\u2019apr\u00e8s r\u00e9ception de la confirmation adress\u00e9e au client par l&rsquo;h\u00f4tel.<\/p><p>Le paiement du solde du s\u00e9jour s\u2019effectuera sur place aupr\u00e8s de l\u2019h\u00f4telier.<\/p><p>Il est demand\u00e9 au client de pr\u00e9voir une arriv\u00e9e \u00e0 l&rsquo;h\u00f4tel avant 18h00 et de pr\u00e9venir l&rsquo;h\u00f4telier en cas d&rsquo;arriv\u00e9e tardive.<\/p><p><strong>2-2 \u2013 Modification d\u2019une r\u00e9servation<\/strong><\/p><p>Seules les r\u00e9servations RACK (Annulable, modifiable sous conditions) peuvent b\u00e9n\u00e9ficier de modifications. Les r\u00e9servations NANR (Non annulable, non remboursable, non modifiable) ne peuvent \u00eatre modifi\u00e9es.<\/p><p>Toute demande de modification d\u2019une r\u00e9servation doit \u00eatre formul\u00e9e aupr\u00e8s de l&rsquo;h\u00f4tel \u2013 par t\u00e9l\u00e9phone 05.46.41.16.68, tous les jours de la semaine \u2013 par mail \u00e0 <a href=\"mailto:contact@hotel-atlantic.net\">contact@hotel-atlantic.net<\/a>.<\/p><p>La modification de r\u00e9servation n\u2019est ferme et d\u00e9finitive qu\u2019apr\u00e8s r\u00e9ception de la confirmation par l\u2019h\u00f4telier.<\/p><p>Les demandes de modifications doivent \u00eatre effectu\u00e9es 48h avant la date d\u2019arriv\u00e9e.<\/p><p>Les demandes de modifications peuvent entra\u00eener, le cas \u00e9ch\u00e9ant, l\u2019application des conditions d\u2019annulation.<\/p><p><strong>2-3 \u2013 Conditions d\u2019annulation<\/strong><\/p><p>Les r\u00e9servations NANR (Non annulable, non remboursable, non modifiable) ne peuvent \u00eatre annul\u00e9es.\u00a0Seules les r\u00e9servations RACK (Annulable, modifiable sous conditions) peuvent \u00eatre annul\u00e9es selon les conditions suivantes\u00a0:<\/p><p>Pour annuler une r\u00e9servation, le client est invit\u00e9 \u00e0 contacter directement l&rsquo;h\u00f4tel \u2013 par t\u00e9l\u00e9phone 05.46.41.16.68, tous les jours de la semaine \u2013 par mail \u00e0 <a href=\"mailto:contact@hotel-atlantic.net\">contact@hotel-atlantic.net<\/a>.<\/p><p>L&rsquo;annulation de r\u00e9servation est effective \u00e0 r\u00e9ception d&rsquo;un e-mail de l&rsquo;h\u00f4tel confirmant celle-ci.<\/p><p>L&rsquo;annulation de r\u00e9servation entra\u00eenera le pr\u00e9l\u00e8vement de l&rsquo;acompte vers\u00e9 lors de la r\u00e9servation sur le site de l&rsquo;\u00e9tablissement.<\/p><p>En cas d\u2019annulation ou de modification 48 heures avant la date d\u2019arriv\u00e9e, l\u2019\u00e9tablissement ne pr\u00e9l\u00e8ve pas de frais.<\/p><p>En cas d\u2019annulation ou de modification tardive, l\u2019\u00e9tablissement exige 100 % du montant de la premi\u00e8re nuit. En cas de non-pr\u00e9sentation, l\u2019\u00e9tablissement pr\u00e9l\u00e8ve le montant total de la r\u00e9servation.<\/p><p><strong>2-4 \u2013 Responsabilit\u00e9<\/strong><\/p><p>Les pr\u00e9sentes conditions de vente sont soumises \u00e0 la loi fran\u00e7aise et \u00e0 la comp\u00e9tence du tribunal de La Rochelle.<\/p><p><strong>2-5 \u2013 R\u00e9tractation<\/strong><\/p><p>S\u00b4agissant de prestations de services d\u00b4h\u00e9bergement propos\u00e9es par l&rsquo;h\u00f4tel Atlantic, en application des dispositions de l\u00b4article L.121-21-8 12\u00b0du code de la consommation, aucun droit de r\u00e9tractation ne pourra \u00eatre exerc\u00e9 par le client.<\/p><p><strong>3 -Service Bloctel<\/strong><\/p><p>Bloctel est un service public Fran\u00e7ais qui vise \u00e0 mettre fin au d\u00e9marche abusif.<br \/>&lt;&lt; Le consommateur qui ne souhaite pas faire l\u2019objet de prospection commerciale par voie t\u00e9l\u00e9phonique peut gratuitement s\u2019inscrire sur une liste d\u2019opposition au d\u00e9marchage t\u00e9l\u00e9phonique &gt;&gt;<br \/>Pour plus d\u2019informations\u00a0: <a href=\"http:\/\/https\/\/www.bloctel.gouv.fr\/accueil\" data-wplink-url-error=\"true\">https\/\/www.bloctel.gouv.fr\/accueil<\/a><\/p><p><strong>4 -Litiges :<\/strong><\/p><p>\u00ab En cas de litige entre le professionnel et le consommateur, ceux-ci s\u2019efforceront de trouver une solution amiable.<\/p><p>A d\u00e9faut d\u2019accord amiable, le consommateur a la possibilit\u00e9 de saisir gratuitement le m\u00e9diateur de la consommation dont rel\u00e8ve le professionnel, \u00e0 savoir l\u2019Association des M\u00e9diateurs Europ\u00e9ens (AME CONSO), dans un d\u00e9lai d\u2019un an \u00e0 compter de la r\u00e9clamation \u00e9crite adress\u00e9e au professionnel.<\/p><p>La saisine du m\u00e9diateur de la consommation devra s\u2019effectuer :<br \/>&#8211; soit en compl\u00e9tant le formulaire pr\u00e9vu \u00e0 cet effet sur le site internet de l\u2019AME CONSO : <a href=\"http:\/\/www.mediationconso-ame.com\">www.mediationconso-ame.com<\/a> ;<br \/>&#8211; soit par courrier adress\u00e9 \u00e0 l\u2019AME CONSO, 197 Boulevard Saint-Germain &#8211; 75007 PARIS. \u00bb<\/p><p><strong>H\u00f4tel *** Atlantic<\/strong><br \/>23, rue Verdi\u00e8re<br \/>17000 LA ROCHELLE<\/p><p><a href=\"mailto:Contact@hotel-atlantic.net\">Contact@hotel-atlantic.net<\/a><\/p><p>T\u00e9l : 05 46 41 16 68<\/p>\t\t\t\t\t\t<\/div>\n\t\t\t\t<\/div>\n\t\t\t\t\t<\/div>\n\t\t\t\t<\/div>\n\t\t\t\t<\/div>\n\t\t","protected":false},"excerpt":{"rendered":"<p>Conditions g\u00e9n\u00e9rales de vente \u00a0Conditions de vente H\u00f4tel Atlantic*** Les conditions g\u00e9n\u00e9rales de vente et les conditions particuli\u00e8res forment un ensemble qui fait partie int\u00e9grante du contrat de vente et dont l\u2019acceptation globale est obligatoire avant la conclusion de toute vente. La demande de r\u00e9servation entra\u00eene l\u2019adh\u00e9sion aux pr\u00e9sentes conditions de vente et l\u2019acceptation compl\u00e8te &hellip;<\/p>\n","protected":false},"author":1,"featured_media":0,"parent":0,"menu_order":0,"comment_status":"closed","ping_status":"closed","template":"elementor_header_footer","meta":{"footnotes":""},"class_list":["post-355","page","type-page","status-publish","hentry"],"_links":{"self":[{"href":"https:\/\/www.hotel-atlantic.fr\/index.php?rest_route=\/wp\/v2\/pages\/355","targetHints":{"allow":["GET"]}}],"collection":[{"href":"https:\/\/www.hotel-atlantic.fr\/index.php?rest_route=\/wp\/v2\/pages"}],"about":[{"href":"https:\/\/www.hotel-atlantic.fr\/index.php?rest_route=\/wp\/v2\/types\/page"}],"author":[{"embeddable":true,"href":"https:\/\/www.hotel-atlantic.fr\/index.php?rest_route=\/wp\/v2\/users\/1"}],"replies":[{"embeddable":true,"href":"https:\/\/www.hotel-atlantic.fr\/index.php?rest_route=%2Fwp%2Fv2%2Fcomments&post=355"}],"version-history":[{"count":19,"href":"https:\/\/www.hotel-atlantic.fr\/index.php?rest_route=\/wp\/v2\/pages\/355\/revisions"}],"predecessor-version":[{"id":1169,"href":"https:\/\/www.hotel-atlantic.fr\/index.php?rest_route=\/wp\/v2\/pages\/355\/revisions\/1169"}],"wp:attachment":[{"href":"https:\/\/www.hotel-atlantic.fr\/index.php?rest_route=%2Fwp%2Fv2%2Fmedia&parent=355"}],"curies":[{"name":"wp","href":"https:\/\/api.w.org\/{rel}","templated":true}]}}